{"id":86,"date":"2021-02-25T16:25:22","date_gmt":"2021-02-25T21:25:22","guid":{"rendered":"http:\/\/localhost\/pruebas\/wordpress\/about\/"},"modified":"2021-08-20T09:32:28","modified_gmt":"2021-08-20T14:32:28","slug":"about-2","status":"publish","type":"page","link":"https:\/\/global-door.net\/?page_id=86","title":{"rendered":"Direccionamiento Estrat\u00e9gico"},"content":{"rendered":"\n<p><\/p>\n\n\n\n<div class=\"wp-block-media-text alignwide has-media-on-the-right is-stacked-on-mobile\" style=\"grid-template-columns:auto 26%\"><figure class=\"wp-block-media-text__media\"><img loading=\"lazy\" decoding=\"async\" width=\"283\" height=\"387\" src=\"https:\/\/global-door.net\/wp-content\/uploads\/2021\/08\/mision3.png\" alt=\"\" class=\"wp-image-860 size-medium\" srcset=\"https:\/\/global-door.net\/wp-content\/uploads\/2021\/08\/mision3.png 283w, https:\/\/global-door.net\/wp-content\/uploads\/2021\/08\/mision3-219x300.png 219w\" sizes=\"auto, (max-width: 283px) 100vw, 283px\" \/><\/figure><div class=\"wp-block-media-text__content\">\n<h1>Misi\u00f3n<\/h1>\n<p>Ofrecer soluciones tecnol\u00f3gicas y equipos autom\u00e1ticos para accesos y ambientes, con tecnolog\u00eda avanzada que satisfaga la necesidad de protecci\u00f3n, productividad y bienestar del cliente.<\/p>\n<\/div><\/div>\n\n\n\n<hr class=\"wp-block-separator\"\/>\n\n\n\n<div class=\"wp-block-media-text alignwide is-stacked-on-mobile\" style=\"grid-template-columns:39% auto\"><figure class=\"wp-block-media-text__media\"><img loading=\"lazy\" decoding=\"async\" width=\"400\" height=\"400\" src=\"https:\/\/global-door.net\/wp-content\/uploads\/2021\/08\/vision.png\" alt=\"\" class=\"wp-image-861 size-medium\" srcset=\"https:\/\/global-door.net\/wp-content\/uploads\/2021\/08\/vision.png 400w, https:\/\/global-door.net\/wp-content\/uploads\/2021\/08\/vision-300x300.png 300w, https:\/\/global-door.net\/wp-content\/uploads\/2021\/08\/vision-150x150.png 150w\" sizes=\"auto, (max-width: 400px) 100vw, 400px\" \/><\/figure><div class=\"wp-block-media-text__content\">\n<h1>Visi\u00f3n<\/h1>\n<p>Ser al 2030, una de las empresas m\u00e1s reconocidas a nivel nacional por brindar soluciones autom\u00e1ticas en accesos y ambientes.<\/p>\n\n\n\n<p><\/p>\n<\/div><\/div>\n\n\n\n<hr class=\"wp-block-separator\"\/>\n\n\n\n<div class=\"wp-block-media-text alignwide has-media-on-the-right is-stacked-on-mobile\" style=\"grid-template-columns:auto 24%\"><figure class=\"wp-block-media-text__media\"><img loading=\"lazy\" decoding=\"async\" width=\"217\" height=\"279\" src=\"https:\/\/global-door.net\/wp-content\/uploads\/2021\/08\/Valores-Corporativos-PNG.png\" alt=\"\" class=\"wp-image-867 size-medium\"\/><\/figure><div class=\"wp-block-media-text__content\">\n<h1 style=\"text-align: center;\">Valores Corporativos<\/h1>\n<ul>\n<li style=\"text-align: center;\">Confianza<\/li>\n<li style=\"text-align: center;\">Honestidad<\/li>\n<li style=\"text-align: center;\">Perseverancia<\/li>\n<li style=\"text-align: center;\">Respeto<\/li>\n<li style=\"text-align: center;\">Responsabilidad<\/li>\n<\/ul>\n\n\n\n<p><\/p>\n<\/div><\/div>\n\n\n\n<hr class=\"wp-block-separator\"\/>\n\n\n\n<p><\/p>\n","protected":false},"excerpt":{"rendered":"<p>Misi\u00f3n Ofrecer soluciones tecnol\u00f3gicas y equipos autom\u00e1ticos para accesos y ambientes, con tecnolog\u00eda avanzada que satisfaga la necesidad de protecci\u00f3n, productividad y bienestar del cliente. Visi\u00f3n Ser al 2030, una de las empresas m\u00e1s reconocidas a nivel nacional por brindar soluciones autom\u00e1ticas en accesos y ambientes. Valores Corporativos Confianza Honestidad Perseverancia Respeto Responsabilidad<\/p>\n","protected":false},"author":1,"featured_media":0,"parent":0,"menu_order":0,"comment_status":"closed","ping_status":"closed","template":"template\/template-about.php","meta":{"footnotes":""},"class_list":["post-86","page","type-page","status-publish","hentry"],"_links":{"self":[{"href":"https:\/\/global-door.net\/index.php?rest_route=\/wp\/v2\/pages\/86","targetHints":{"allow":["GET"]}}],"collection":[{"href":"https:\/\/global-door.net\/index.php?rest_route=\/wp\/v2\/pages"}],"about":[{"href":"https:\/\/global-door.net\/index.php?rest_route=\/wp\/v2\/types\/page"}],"author":[{"embeddable":true,"href":"https:\/\/global-door.net\/index.php?rest_route=\/wp\/v2\/users\/1"}],"replies":[{"embeddable":true,"href":"https:\/\/global-door.net\/index.php?rest_route=%2Fwp%2Fv2%2Fcomments&post=86"}],"version-history":[{"count":12,"href":"https:\/\/global-door.net\/index.php?rest_route=\/wp\/v2\/pages\/86\/revisions"}],"predecessor-version":[{"id":885,"href":"https:\/\/global-door.net\/index.php?rest_route=\/wp\/v2\/pages\/86\/revisions\/885"}],"wp:attachment":[{"href":"https:\/\/global-door.net\/index.php?rest_route=%2Fwp%2Fv2%2Fmedia&parent=86"}],"curies":[{"name":"wp","href":"https:\/\/api.w.org\/{rel}","templated":true}]}}