{"id":600,"date":"2021-02-24T12:23:02","date_gmt":"2021-02-24T17:23:02","guid":{"rendered":"http:\/\/localhost\/pruebas\/wordpress\/?page_id=24"},"modified":"2021-08-20T10:03:33","modified_gmt":"2021-08-20T15:03:33","slug":"blog-2","status":"publish","type":"page","link":"https:\/\/global-door.net\/?page_id=600","title":{"rendered":"Puertas Hospitalarias"},"content":{"rendered":"\n<hr class=\"wp-block-separator\"\/>\n\n\n\n<div class=\"wp-block-media-text alignwide is-stacked-on-mobile\"><figure class=\"wp-block-media-text__media\"><img loading=\"lazy\" decoding=\"async\" width=\"653\" height=\"1024\" src=\"https:\/\/global-door.net\/wp-content\/uploads\/2021\/08\/4-653x1024.jpg\" alt=\"\" class=\"wp-image-730 size-full\" srcset=\"https:\/\/global-door.net\/wp-content\/uploads\/2021\/08\/4-653x1024.jpg 653w, https:\/\/global-door.net\/wp-content\/uploads\/2021\/08\/4-191x300.jpg 191w, https:\/\/global-door.net\/wp-content\/uploads\/2021\/08\/4-768x1204.jpg 768w, https:\/\/global-door.net\/wp-content\/uploads\/2021\/08\/4-980x1536.jpg 980w, https:\/\/global-door.net\/wp-content\/uploads\/2021\/08\/4-1307x2048.jpg 1307w, https:\/\/global-door.net\/wp-content\/uploads\/2021\/08\/4-scaled.jpg 1633w\" sizes=\"auto, (max-width: 653px) 100vw, 653px\" \/><\/figure><div class=\"wp-block-media-text__content\">\n<p class=\"has-large-font-size\">Puertas para Quir\u00f3fanos<\/p>\n\n\n\n<p>Puertas autom\u00e1ticas herm\u00e9ticas, tanto deslizantes como batientes, pensadas, dise\u00f1adas y elaboradas, considerando todas las normas y est\u00e1ndares que garantizan una alta asepsia y la bio-seguridad que demandan estos ambientes especiales.<\/p>\n<\/div><\/div>\n\n\n\n<hr class=\"wp-block-separator\"\/>\n\n\n\n<div class=\"wp-block-media-text alignwide has-media-on-the-right is-stacked-on-mobile\"><figure class=\"wp-block-media-text__media\"><img loading=\"lazy\" decoding=\"async\" width=\"683\" height=\"1024\" src=\"https:\/\/global-door.net\/wp-content\/uploads\/2021\/08\/ICCU_3-683x1024.jpg\" alt=\"\" class=\"wp-image-731 size-full\" srcset=\"https:\/\/global-door.net\/wp-content\/uploads\/2021\/08\/ICCU_3-683x1024.jpg 683w, https:\/\/global-door.net\/wp-content\/uploads\/2021\/08\/ICCU_3-200x300.jpg 200w, https:\/\/global-door.net\/wp-content\/uploads\/2021\/08\/ICCU_3-768x1152.jpg 768w, https:\/\/global-door.net\/wp-content\/uploads\/2021\/08\/ICCU_3-1024x1536.jpg 1024w, https:\/\/global-door.net\/wp-content\/uploads\/2021\/08\/ICCU_3-1365x2048.jpg 1365w, https:\/\/global-door.net\/wp-content\/uploads\/2021\/08\/ICCU_3-scaled.jpg 1706w\" sizes=\"auto, (max-width: 683px) 100vw, 683px\" \/><\/figure><div class=\"wp-block-media-text__content\">\n<p class=\"has-large-font-size\">Puertas para Unidades de Cuidados Intensivos\/Especiales<\/p>\n\n\n\n<p>Puertas autom\u00e1ticas deslizantes, pensadas, dise\u00f1adas y elaboradas, considerando todas los aspectos necesarios para garantizar una atenci\u00f3n r\u00e1pida, segura y efectiva a los pacientes ac\u00e1 recluidos.<\/p>\n<\/div><\/div>\n\n\n\n<hr class=\"wp-block-separator\"\/>\n\n\n\n<div class=\"wp-block-media-text alignwide is-stacked-on-mobile\"><figure class=\"wp-block-media-text__media\"><img loading=\"lazy\" decoding=\"async\" width=\"744\" height=\"1024\" src=\"https:\/\/global-door.net\/wp-content\/uploads\/2021\/08\/BRAQUITERAPIA-DESLIZANTE-744x1024.jpg\" alt=\"\" class=\"wp-image-733 size-full\" srcset=\"https:\/\/global-door.net\/wp-content\/uploads\/2021\/08\/BRAQUITERAPIA-DESLIZANTE-744x1024.jpg 744w, https:\/\/global-door.net\/wp-content\/uploads\/2021\/08\/BRAQUITERAPIA-DESLIZANTE-218x300.jpg 218w, https:\/\/global-door.net\/wp-content\/uploads\/2021\/08\/BRAQUITERAPIA-DESLIZANTE-768x1057.jpg 768w, https:\/\/global-door.net\/wp-content\/uploads\/2021\/08\/BRAQUITERAPIA-DESLIZANTE-1116x1536.jpg 1116w, https:\/\/global-door.net\/wp-content\/uploads\/2021\/08\/BRAQUITERAPIA-DESLIZANTE-1487x2048.jpg 1487w, https:\/\/global-door.net\/wp-content\/uploads\/2021\/08\/BRAQUITERAPIA-DESLIZANTE.jpg 1738w\" sizes=\"auto, (max-width: 744px) 100vw, 744px\" \/><\/figure><div class=\"wp-block-media-text__content\">\n<p class=\"has-large-font-size\">Puertas Plomadas para Radioterapias<\/p>\n\n\n\n<p>Puertas autom\u00e1ticas deslizantes o batientes, elaboradas con recubrimientos de plomo en su interior, dise\u00f1adas considerando todos los est\u00e1ndares internacionales para su empleo en salas de rayos X e instalaciones m\u00e9dicas, que ameritan este tipo de protecci\u00f3n para atenuar el riesgo de contaminaci\u00f3n por radiaci\u00f3n.<\/p>\n<\/div><\/div>\n\n\n\n<hr class=\"wp-block-separator\"\/>\n\n\n\n<div class=\"wp-block-media-text alignwide has-media-on-the-right is-stacked-on-mobile\"><figure class=\"wp-block-media-text__media\"><img loading=\"lazy\" decoding=\"async\" width=\"683\" height=\"1024\" src=\"https:\/\/global-door.net\/wp-content\/uploads\/2021\/08\/IMG_3949-683x1024.jpg\" alt=\"\" class=\"wp-image-735 size-full\" srcset=\"https:\/\/global-door.net\/wp-content\/uploads\/2021\/08\/IMG_3949-683x1024.jpg 683w, https:\/\/global-door.net\/wp-content\/uploads\/2021\/08\/IMG_3949-200x300.jpg 200w, https:\/\/global-door.net\/wp-content\/uploads\/2021\/08\/IMG_3949-768x1152.jpg 768w, https:\/\/global-door.net\/wp-content\/uploads\/2021\/08\/IMG_3949-1024x1536.jpg 1024w, https:\/\/global-door.net\/wp-content\/uploads\/2021\/08\/IMG_3949-1365x2048.jpg 1365w, https:\/\/global-door.net\/wp-content\/uploads\/2021\/08\/IMG_3949-scaled.jpg 1707w\" sizes=\"auto, (max-width: 683px) 100vw, 683px\" \/><\/figure><div class=\"wp-block-media-text__content\">\n<p class=\"has-large-font-size\">Sistema de Puertas en Esclusa<\/p>\n\n\n\n<p>Una esclusa es un conjunto de puertas (Autom\u00e1ticas o manuales), inter-bloqueadas entre si, de tal manera que la apertura de una puerta solo pueda realizarse cuando las dem\u00e1s est\u00e1n cerradas. Esto controla el flujo del aire entre \u00e1reas, limitando as\u00ed  la transferencia agentes pat\u00f3genos que puedan existir.<\/p>\n<\/div><\/div>\n\n\n\n<hr class=\"wp-block-separator\"\/>\n\n\n\n<div class=\"wp-block-media-text alignwide is-stacked-on-mobile\"><figure class=\"wp-block-media-text__media\"><img loading=\"lazy\" decoding=\"async\" width=\"1024\" height=\"768\" src=\"https:\/\/global-door.net\/wp-content\/uploads\/2021\/08\/IMG_20150829_112421283-1024x768.jpg\" alt=\"\" class=\"wp-image-736 size-full\" srcset=\"https:\/\/global-door.net\/wp-content\/uploads\/2021\/08\/IMG_20150829_112421283-1024x768.jpg 1024w, https:\/\/global-door.net\/wp-content\/uploads\/2021\/08\/IMG_20150829_112421283-300x225.jpg 300w, https:\/\/global-door.net\/wp-content\/uploads\/2021\/08\/IMG_20150829_112421283-768x576.jpg 768w, https:\/\/global-door.net\/wp-content\/uploads\/2021\/08\/IMG_20150829_112421283-1536x1152.jpg 1536w, https:\/\/global-door.net\/wp-content\/uploads\/2021\/08\/IMG_20150829_112421283-2048x1536.jpg 2048w\" sizes=\"auto, (max-width: 1024px) 100vw, 1024px\" \/><\/figure><div class=\"wp-block-media-text__content\">\n<p class=\"has-large-font-size\">Pass Through<\/p>\n\n\n\n<p>Es un gabinete con sistema de puertas en esclusa. Se garantiza su funcionamiento efectivo mediante un sistema electr\u00f3nico de bloqueo que trabaja en conjunto con un cierrapuertas invisible.<\/p>\n<\/div><\/div>\n\n\n\n<hr class=\"wp-block-separator\"\/>\n","protected":false},"excerpt":{"rendered":"<p>Puertas para Quir\u00f3fanos Puertas autom\u00e1ticas herm\u00e9ticas, tanto deslizantes como batientes, pensadas, dise\u00f1adas y elaboradas, considerando todas las normas y est\u00e1ndares que garantizan una alta asepsia y la bio-seguridad que demandan estos ambientes especiales. Puertas para Unidades de Cuidados Intensivos\/Especiales Puertas autom\u00e1ticas deslizantes, pensadas, dise\u00f1adas y elaboradas, considerando todas los aspectos necesarios para garantizar una atenci\u00f3n<\/p><\/div>\n<div class=\"blog-btn\"><a href=\"https:\/\/global-door.net\/?page_id=600\" class=\"home-blog-btn\">Leer m\u00e1s<\/a><\/p>\n","protected":false},"author":1,"featured_media":0,"parent":0,"menu_order":0,"comment_status":"closed","ping_status":"closed","template":"","meta":{"footnotes":""},"class_list":["post-600","page","type-page","status-publish","hentry"],"_links":{"self":[{"href":"https:\/\/global-door.net\/index.php?rest_route=\/wp\/v2\/pages\/600","targetHints":{"allow":["GET"]}}],"collection":[{"href":"https:\/\/global-door.net\/index.php?rest_route=\/wp\/v2\/pages"}],"about":[{"href":"https:\/\/global-door.net\/index.php?rest_route=\/wp\/v2\/types\/page"}],"author":[{"embeddable":true,"href":"https:\/\/global-door.net\/index.php?rest_route=\/wp\/v2\/users\/1"}],"replies":[{"embeddable":true,"href":"https:\/\/global-door.net\/index.php?rest_route=%2Fwp%2Fv2%2Fcomments&post=600"}],"version-history":[{"count":16,"href":"https:\/\/global-door.net\/index.php?rest_route=\/wp\/v2\/pages\/600\/revisions"}],"predecessor-version":[{"id":896,"href":"https:\/\/global-door.net\/index.php?rest_route=\/wp\/v2\/pages\/600\/revisions\/896"}],"wp:attachment":[{"href":"https:\/\/global-door.net\/index.php?rest_route=%2Fwp%2Fv2%2Fmedia&parent=600"}],"curies":[{"name":"wp","href":"https:\/\/api.w.org\/{rel}","templated":true}]}}