{"id":583,"date":"2021-02-24T12:23:02","date_gmt":"2021-02-24T17:23:02","guid":{"rendered":"http:\/\/localhost\/pruebas\/wordpress\/?page_id=22"},"modified":"2021-11-17T08:46:13","modified_gmt":"2021-11-17T13:46:13","slug":"acerca-de","status":"publish","type":"page","link":"https:\/\/global-door.net\/?page_id=583","title":{"rendered":"Nuestras Soluciones"},"content":{"rendered":"\n<p><a href=\"http:\/\/localhost\/pruebas\/wordpress\/wp-admin\/edit.php?post_type=page\"><\/a><\/p>\n\n\n\n<hr class=\"wp-block-separator\"\/>\n\n\n\n<div class=\"wp-block-media-text alignwide is-stacked-on-mobile is-vertically-aligned-center\"><figure class=\"wp-block-media-text__media\"><a href=\"https:\/\/global-door.net\/?page_id=212\"><img loading=\"lazy\" decoding=\"async\" width=\"1024\" height=\"683\" src=\"https:\/\/global-door.net\/wp-content\/uploads\/2021\/07\/IMG_2490-1024x683.jpg\" alt=\"\" class=\"wp-image-688 size-full\" srcset=\"https:\/\/global-door.net\/wp-content\/uploads\/2021\/07\/IMG_2490-1024x683.jpg 1024w, https:\/\/global-door.net\/wp-content\/uploads\/2021\/07\/IMG_2490-300x200.jpg 300w, https:\/\/global-door.net\/wp-content\/uploads\/2021\/07\/IMG_2490-768x512.jpg 768w, https:\/\/global-door.net\/wp-content\/uploads\/2021\/07\/IMG_2490-1536x1024.jpg 1536w, https:\/\/global-door.net\/wp-content\/uploads\/2021\/07\/IMG_2490-2048x1365.jpg 2048w\" sizes=\"auto, (max-width: 1024px) 100vw, 1024px\" \/><\/a><\/figure><div class=\"wp-block-media-text__content\">\n<p class=\"has-large-font-size\">Puertas Autom\u00e1ticas<\/p>\n\n\n\n<p>Permiten el tr\u00e1nsito de las personas de una forma c\u00f3moda, directa y segura. Su funcionamiento silencioso le permite usarse en residencias, comercios e instituciones.<\/p>\n<\/div><\/div>\n\n\n\n<hr class=\"wp-block-separator\"\/>\n\n\n\n<div class=\"wp-block-media-text alignwide has-media-on-the-right is-stacked-on-mobile\"><figure class=\"wp-block-media-text__media\"><a href=\"https:\/\/global-door.net\/?page_id=273\"><img loading=\"lazy\" decoding=\"async\" width=\"1024\" height=\"707\" src=\"https:\/\/global-door.net\/wp-content\/uploads\/2021\/08\/rapida-16-1024x707.jpg\" alt=\"\" class=\"wp-image-715 size-full\" srcset=\"https:\/\/global-door.net\/wp-content\/uploads\/2021\/08\/rapida-16-1024x707.jpg 1024w, https:\/\/global-door.net\/wp-content\/uploads\/2021\/08\/rapida-16-300x207.jpg 300w, https:\/\/global-door.net\/wp-content\/uploads\/2021\/08\/rapida-16-768x530.jpg 768w, https:\/\/global-door.net\/wp-content\/uploads\/2021\/08\/rapida-16-1536x1060.jpg 1536w, https:\/\/global-door.net\/wp-content\/uploads\/2021\/08\/rapida-16.jpg 1721w\" sizes=\"auto, (max-width: 1024px) 100vw, 1024px\" \/><\/a><\/figure><div class=\"wp-block-media-text__content\">\n<p class=\"has-large-font-size\">Puertas y Cortinas en PVC, Aluminio y Acero Inoxidable<\/p>\n\n\n\n<p>Permiten el tr\u00e1nsito de personas y mercanc\u00edas de forma r\u00e1pida y confiable. Pueden instalarse en bodegas, f\u00e1bricas e industrias.<\/p>\n<\/div><\/div>\n\n\n\n<hr class=\"wp-block-separator\"\/>\n\n\n\n<div class=\"wp-block-media-text alignwide is-stacked-on-mobile\"><figure class=\"wp-block-media-text__media\"><a href=\"https:\/\/global-door.net\/?page_id=600\"><img loading=\"lazy\" decoding=\"async\" width=\"1024\" height=\"683\" src=\"https:\/\/global-door.net\/wp-content\/uploads\/2021\/07\/IMG_3759-1024x683.jpg\" alt=\"\" class=\"wp-image-694 size-full\" srcset=\"https:\/\/global-door.net\/wp-content\/uploads\/2021\/07\/IMG_3759-1024x683.jpg 1024w, https:\/\/global-door.net\/wp-content\/uploads\/2021\/07\/IMG_3759-300x200.jpg 300w, https:\/\/global-door.net\/wp-content\/uploads\/2021\/07\/IMG_3759-768x512.jpg 768w, https:\/\/global-door.net\/wp-content\/uploads\/2021\/07\/IMG_3759-1536x1024.jpg 1536w, https:\/\/global-door.net\/wp-content\/uploads\/2021\/07\/IMG_3759-2048x1365.jpg 2048w\" sizes=\"auto, (max-width: 1024px) 100vw, 1024px\" \/><\/a><\/figure><div class=\"wp-block-media-text__content\">\n<p class=\"has-large-font-size\">Puertas Hospitalarias<\/p>\n\n\n\n<p>Puertas y soluciones que se adaptan a las necesidades de este importante sector, incluyendo quir\u00f3fanos, UCI\u00b4s, UCE\u00b4s, y laboratorios.<\/p>\n<\/div><\/div>\n\n\n\n<hr class=\"wp-block-separator\"\/>\n\n\n\n<div class=\"wp-block-media-text alignwide has-media-on-the-right is-stacked-on-mobile\"><figure class=\"wp-block-media-text__media\"><a href=\"https:\/\/global-door.net\/?page_id=337\"><img loading=\"lazy\" decoding=\"async\" width=\"1024\" height=\"683\" src=\"https:\/\/global-door.net\/wp-content\/uploads\/2021\/07\/IMG_2377-1024x683.jpg\" alt=\"\" class=\"wp-image-696 size-full\" srcset=\"https:\/\/global-door.net\/wp-content\/uploads\/2021\/07\/IMG_2377-1024x683.jpg 1024w, https:\/\/global-door.net\/wp-content\/uploads\/2021\/07\/IMG_2377-300x200.jpg 300w, https:\/\/global-door.net\/wp-content\/uploads\/2021\/07\/IMG_2377-768x512.jpg 768w, https:\/\/global-door.net\/wp-content\/uploads\/2021\/07\/IMG_2377-1536x1024.jpg 1536w, https:\/\/global-door.net\/wp-content\/uploads\/2021\/07\/IMG_2377-2048x1365.jpg 2048w\" sizes=\"auto, (max-width: 1024px) 100vw, 1024px\" \/><\/a><\/figure><div class=\"wp-block-media-text__content\">\n<p class=\"has-large-font-size\">Barreras Vehiculares Autom\u00e1ticas<\/p>\n\n\n\n<p>Productos para espacios con flujo constante de tr\u00e1fico vehicular, tales como parqueaderos de centros comerciales, porter\u00edas residenciales y casetas de control.<\/p>\n<\/div><\/div>\n\n\n\n<hr class=\"wp-block-separator\"\/>\n\n\n\n<div class=\"wp-block-media-text alignwide is-stacked-on-mobile\"><figure class=\"wp-block-media-text__media\"><a href=\"https:\/\/global-door.net\/?page_id=328\"><img loading=\"lazy\" decoding=\"async\" width=\"1024\" height=\"771\" src=\"https:\/\/global-door.net\/wp-content\/uploads\/2021\/08\/PYT_4-1024x771.jpg\" alt=\"\" class=\"wp-image-889 size-full\" srcset=\"https:\/\/global-door.net\/wp-content\/uploads\/2021\/08\/PYT_4-1024x771.jpg 1024w, https:\/\/global-door.net\/wp-content\/uploads\/2021\/08\/PYT_4-300x226.jpg 300w, https:\/\/global-door.net\/wp-content\/uploads\/2021\/08\/PYT_4-768x578.jpg 768w, https:\/\/global-door.net\/wp-content\/uploads\/2021\/08\/PYT_4-1536x1157.jpg 1536w, https:\/\/global-door.net\/wp-content\/uploads\/2021\/08\/PYT_4-2048x1542.jpg 2048w\" sizes=\"auto, (max-width: 1024px) 100vw, 1024px\" \/><\/a><\/figure><div class=\"wp-block-media-text__content\">\n<p class=\"has-large-font-size\">Torniquetes y Rotogates<\/p>\n\n\n\n<p>Soluciones dise\u00f1adas para sectores que requieren mecanismos especializados para el control y la seguridad de sus flujos peatonales.<\/p>\n<\/div><\/div>\n\n\n\n<hr class=\"wp-block-separator\"\/>\n\n\n\n<p class=\"has-text-align-center has-large-font-size\"> Cortinas de Aire <\/p>\n\n\n\n<figure class=\"wp-block-gallery columns-3 is-cropped wp-block-gallery-1 is-layout-flex wp-block-gallery-is-layout-flex\"><ul class=\"blocks-gallery-grid\"><li class=\"blocks-gallery-item\"><figure><img loading=\"lazy\" decoding=\"async\" width=\"1024\" height=\"576\" src=\"https:\/\/global-door.net\/wp-content\/uploads\/2021\/07\/5-1024x576.jpg\" alt=\"\" data-id=\"698\" data-full-url=\"https:\/\/global-door.net\/wp-content\/uploads\/2021\/07\/5-scaled.jpg\" data-link=\"https:\/\/global-door.net\/acerca-de\/attachment\/5\/\" class=\"wp-image-698\" srcset=\"https:\/\/global-door.net\/wp-content\/uploads\/2021\/07\/5-1024x576.jpg 1024w, https:\/\/global-door.net\/wp-content\/uploads\/2021\/07\/5-300x169.jpg 300w, https:\/\/global-door.net\/wp-content\/uploads\/2021\/07\/5-768x432.jpg 768w, https:\/\/global-door.net\/wp-content\/uploads\/2021\/07\/5-1536x864.jpg 1536w, https:\/\/global-door.net\/wp-content\/uploads\/2021\/07\/5-2048x1152.jpg 2048w\" sizes=\"auto, (max-width: 1024px) 100vw, 1024px\" \/><\/figure><\/li><li class=\"blocks-gallery-item\"><figure><img loading=\"lazy\" decoding=\"async\" width=\"1024\" height=\"220\" src=\"https:\/\/global-door.net\/wp-content\/uploads\/2021\/08\/8.2-1024x220.jpg\" alt=\"\" data-id=\"846\" data-full-url=\"https:\/\/global-door.net\/wp-content\/uploads\/2021\/08\/8.2-scaled.jpg\" data-link=\"https:\/\/global-door.net\/acerca-de\/8-2\/\" class=\"wp-image-846\" srcset=\"https:\/\/global-door.net\/wp-content\/uploads\/2021\/08\/8.2-1024x220.jpg 1024w, https:\/\/global-door.net\/wp-content\/uploads\/2021\/08\/8.2-300x65.jpg 300w, https:\/\/global-door.net\/wp-content\/uploads\/2021\/08\/8.2-768x165.jpg 768w, https:\/\/global-door.net\/wp-content\/uploads\/2021\/08\/8.2-1536x330.jpg 1536w, https:\/\/global-door.net\/wp-content\/uploads\/2021\/08\/8.2-2048x440.jpg 2048w\" sizes=\"auto, (max-width: 1024px) 100vw, 1024px\" \/><\/figure><\/li><li class=\"blocks-gallery-item\"><figure><img loading=\"lazy\" decoding=\"async\" width=\"1024\" height=\"576\" src=\"https:\/\/global-door.net\/wp-content\/uploads\/2021\/08\/8-1024x576.jpg\" alt=\"\" data-id=\"847\" data-full-url=\"https:\/\/global-door.net\/wp-content\/uploads\/2021\/08\/8-scaled.jpg\" data-link=\"https:\/\/global-door.net\/acerca-de\/8-3\/\" class=\"wp-image-847\" srcset=\"https:\/\/global-door.net\/wp-content\/uploads\/2021\/08\/8-1024x576.jpg 1024w, https:\/\/global-door.net\/wp-content\/uploads\/2021\/08\/8-300x169.jpg 300w, https:\/\/global-door.net\/wp-content\/uploads\/2021\/08\/8-768x432.jpg 768w, https:\/\/global-door.net\/wp-content\/uploads\/2021\/08\/8-1536x864.jpg 1536w, https:\/\/global-door.net\/wp-content\/uploads\/2021\/08\/8-2048x1152.jpg 2048w\" sizes=\"auto, (max-width: 1024px) 100vw, 1024px\" \/><\/figure><\/li><\/ul><figcaption class=\"blocks-gallery-caption\">Generan un flujo de aire constante que permite aislar espacios mediante una barrera invisible que separa eficientemente part\u00edculas contaminantes del aire. <\/figcaption><\/figure>\n\n\n\n<hr class=\"wp-block-separator\"\/>\n\n\n\n<p><\/p>\n","protected":false},"excerpt":{"rendered":"<p>Puertas Autom\u00e1ticas Permiten el tr\u00e1nsito de las personas de una forma c\u00f3moda, directa y segura. Su funcionamiento silencioso le permite usarse en residencias, comercios e instituciones. Puertas y Cortinas en PVC, Aluminio y Acero Inoxidable Permiten el tr\u00e1nsito de personas y mercanc\u00edas de forma r\u00e1pida y confiable. Pueden instalarse en bodegas, f\u00e1bricas e industrias. Puertas<\/p><\/div>\n<div class=\"blog-btn\"><a href=\"https:\/\/global-door.net\/?page_id=583\" class=\"home-blog-btn\">Leer m\u00e1s<\/a><\/p>\n","protected":false},"author":1,"featured_media":0,"parent":0,"menu_order":0,"comment_status":"closed","ping_status":"closed","template":"","meta":{"footnotes":""},"class_list":["post-583","page","type-page","status-publish","hentry"],"_links":{"self":[{"href":"https:\/\/global-door.net\/index.php?rest_route=\/wp\/v2\/pages\/583","targetHints":{"allow":["GET"]}}],"collection":[{"href":"https:\/\/global-door.net\/index.php?rest_route=\/wp\/v2\/pages"}],"about":[{"href":"https:\/\/global-door.net\/index.php?rest_route=\/wp\/v2\/types\/page"}],"author":[{"embeddable":true,"href":"https:\/\/global-door.net\/index.php?rest_route=\/wp\/v2\/users\/1"}],"replies":[{"embeddable":true,"href":"https:\/\/global-door.net\/index.php?rest_route=%2Fwp%2Fv2%2Fcomments&post=583"}],"version-history":[{"count":23,"href":"https:\/\/global-door.net\/index.php?rest_route=\/wp\/v2\/pages\/583\/revisions"}],"predecessor-version":[{"id":907,"href":"https:\/\/global-door.net\/index.php?rest_route=\/wp\/v2\/pages\/583\/revisions\/907"}],"wp:attachment":[{"href":"https:\/\/global-door.net\/index.php?rest_route=%2Fwp%2Fv2%2Fmedia&parent=583"}],"curies":[{"name":"wp","href":"https:\/\/api.w.org\/{rel}","templated":true}]}}