{"id":337,"date":"2021-03-04T16:20:36","date_gmt":"2021-03-04T21:20:36","guid":{"rendered":"http:\/\/localhost\/pruebas\/wordpress\/?page_id=337"},"modified":"2021-08-20T09:36:48","modified_gmt":"2021-08-20T14:36:48","slug":"barreras-vehiculares","status":"publish","type":"page","link":"https:\/\/global-door.net\/?page_id=337","title":{"rendered":"Barreras Vehiculares Autom\u00e1ticas"},"content":{"rendered":"\n<hr class=\"wp-block-separator\"\/>\n\n\n\n<div class=\"wp-block-media-text alignwide is-stacked-on-mobile\"><figure class=\"wp-block-media-text__media\"><img loading=\"lazy\" decoding=\"async\" width=\"1024\" height=\"682\" src=\"https:\/\/global-door.net\/wp-content\/uploads\/2021\/08\/BR_3-1024x682.jpg\" alt=\"\" class=\"wp-image-738 size-full\" srcset=\"https:\/\/global-door.net\/wp-content\/uploads\/2021\/08\/BR_3-1024x682.jpg 1024w, https:\/\/global-door.net\/wp-content\/uploads\/2021\/08\/BR_3-300x200.jpg 300w, https:\/\/global-door.net\/wp-content\/uploads\/2021\/08\/BR_3-768x512.jpg 768w, https:\/\/global-door.net\/wp-content\/uploads\/2021\/08\/BR_3-1536x1024.jpg 1536w, https:\/\/global-door.net\/wp-content\/uploads\/2021\/08\/BR_3.jpg 1778w\" sizes=\"auto, (max-width: 1024px) 100vw, 1024px\" \/><\/figure><div class=\"wp-block-media-text__content\">\n<p class=\"has-large-font-size\">Brazo Recto.<\/p>\n\n\n\n<p>Sistema b\u00e1sico, con un largo m\u00e1ximo de 6 mts.<\/p>\n<\/div><\/div>\n\n\n\n<hr class=\"wp-block-separator\"\/>\n\n\n\n<div class=\"wp-block-media-text alignwide has-media-on-the-right is-stacked-on-mobile\"><figure class=\"wp-block-media-text__media\"><img loading=\"lazy\" decoding=\"async\" width=\"1024\" height=\"555\" src=\"https:\/\/global-door.net\/wp-content\/uploads\/2021\/03\/barrera_ADT_806_TII-1024x555.jpg\" alt=\"\" class=\"wp-image-339 size-full\" srcset=\"https:\/\/global-door.net\/wp-content\/uploads\/2021\/03\/barrera_ADT_806_TII-1024x555.jpg 1024w, https:\/\/global-door.net\/wp-content\/uploads\/2021\/03\/barrera_ADT_806_TII-300x163.jpg 300w, https:\/\/global-door.net\/wp-content\/uploads\/2021\/03\/barrera_ADT_806_TII-768x416.jpg 768w, https:\/\/global-door.net\/wp-content\/uploads\/2021\/03\/barrera_ADT_806_TII.jpg 1200w\" sizes=\"auto, (max-width: 1024px) 100vw, 1024px\" \/><\/figure><div class=\"wp-block-media-text__content\">\n<p class=\"has-large-font-size\">Brazo seccionable a 90\u00b0.<\/p>\n\n\n\n<p>Sistema dise\u00f1ado para un largo m\u00e1ximo de 3.5 mts. Soluci\u00f3n id\u00f3nea para espacios como s\u00f3tanos, con altura m\u00e1xima 2.4 mts.<\/p>\n<\/div><\/div>\n\n\n\n<hr class=\"wp-block-separator\"\/>\n\n\n\n<div class=\"wp-block-media-text alignwide is-stacked-on-mobile\"><figure class=\"wp-block-media-text__media\"><img loading=\"lazy\" decoding=\"async\" width=\"1024\" height=\"768\" src=\"https:\/\/global-door.net\/wp-content\/uploads\/2021\/08\/barrera-2-1024x768.png\" alt=\"\" class=\"wp-image-739 size-full\" srcset=\"https:\/\/global-door.net\/wp-content\/uploads\/2021\/08\/barrera-2-1024x768.png 1024w, https:\/\/global-door.net\/wp-content\/uploads\/2021\/08\/barrera-2-300x225.png 300w, https:\/\/global-door.net\/wp-content\/uploads\/2021\/08\/barrera-2-768x576.png 768w, https:\/\/global-door.net\/wp-content\/uploads\/2021\/08\/barrera-2.png 1280w\" sizes=\"auto, (max-width: 1024px) 100vw, 1024px\" \/><\/figure><div class=\"wp-block-media-text__content\">\n<p class=\"has-large-font-size\">Tipo Cerca<\/p>\n\n\n\n<p>Sistema de brazo recto, con un largo m\u00e1ximo de 5 mts, semejante a una cerca perimetral para evitar el paso por debajo del brazo.<\/p>\n<\/div><\/div>\n\n\n\n<hr class=\"wp-block-separator\"\/>\n\n\n\n<div class=\"wp-block-media-text alignwide has-media-on-the-right is-stacked-on-mobile\"><figure class=\"wp-block-media-text__media\"><img loading=\"lazy\" decoding=\"async\" width=\"1024\" height=\"498\" src=\"https:\/\/global-door.net\/wp-content\/uploads\/2021\/08\/20190706_120347-1024x498.jpg\" alt=\"\" class=\"wp-image-741 size-full\" srcset=\"https:\/\/global-door.net\/wp-content\/uploads\/2021\/08\/20190706_120347-1024x498.jpg 1024w, https:\/\/global-door.net\/wp-content\/uploads\/2021\/08\/20190706_120347-300x146.jpg 300w, https:\/\/global-door.net\/wp-content\/uploads\/2021\/08\/20190706_120347-768x373.jpg 768w, https:\/\/global-door.net\/wp-content\/uploads\/2021\/08\/20190706_120347-1536x747.jpg 1536w, https:\/\/global-door.net\/wp-content\/uploads\/2021\/08\/20190706_120347-2048x996.jpg 2048w\" sizes=\"auto, (max-width: 1024px) 100vw, 1024px\" \/><\/figure><div class=\"wp-block-media-text__content\">\n<p class=\"has-large-font-size\">Anti-Evasi\u00f3n con Doble Seguridad<\/p>\n\n\n\n<p>Sistema de brazo recto complementado con puas a lo largo de la base para mayor restricci\u00f3n a los  accesos no autorizados.<\/p>\n<\/div><\/div>\n\n\n\n<hr class=\"wp-block-separator\"\/>\n\n\n\n<p><\/p>\n","protected":false},"excerpt":{"rendered":"<p>Brazo Recto. Sistema b\u00e1sico, con un largo m\u00e1ximo de 6 mts. Brazo seccionable a 90\u00b0. Sistema dise\u00f1ado para un largo m\u00e1ximo de 3.5 mts. Soluci\u00f3n id\u00f3nea para espacios como s\u00f3tanos, con altura m\u00e1xima 2.4 mts. Tipo Cerca Sistema de brazo recto, con un largo m\u00e1ximo de 5 mts, semejante a una cerca perimetral para evitar<\/p><\/div>\n<div class=\"blog-btn\"><a href=\"https:\/\/global-door.net\/?page_id=337\" class=\"home-blog-btn\">Leer m\u00e1s<\/a><\/p>\n","protected":false},"author":1,"featured_media":0,"parent":0,"menu_order":0,"comment_status":"closed","ping_status":"closed","template":"","meta":{"footnotes":""},"class_list":["post-337","page","type-page","status-publish","hentry"],"_links":{"self":[{"href":"https:\/\/global-door.net\/index.php?rest_route=\/wp\/v2\/pages\/337","targetHints":{"allow":["GET"]}}],"collection":[{"href":"https:\/\/global-door.net\/index.php?rest_route=\/wp\/v2\/pages"}],"about":[{"href":"https:\/\/global-door.net\/index.php?rest_route=\/wp\/v2\/types\/page"}],"author":[{"embeddable":true,"href":"https:\/\/global-door.net\/index.php?rest_route=\/wp\/v2\/users\/1"}],"replies":[{"embeddable":true,"href":"https:\/\/global-door.net\/index.php?rest_route=%2Fwp%2Fv2%2Fcomments&post=337"}],"version-history":[{"count":8,"href":"https:\/\/global-door.net\/index.php?rest_route=\/wp\/v2\/pages\/337\/revisions"}],"predecessor-version":[{"id":886,"href":"https:\/\/global-door.net\/index.php?rest_route=\/wp\/v2\/pages\/337\/revisions\/886"}],"wp:attachment":[{"href":"https:\/\/global-door.net\/index.php?rest_route=%2Fwp%2Fv2%2Fmedia&parent=337"}],"curies":[{"name":"wp","href":"https:\/\/api.w.org\/{rel}","templated":true}]}}