{"id":273,"date":"2021-03-03T16:38:56","date_gmt":"2021-03-03T21:38:56","guid":{"rendered":"http:\/\/localhost\/pruebas\/wordpress\/?page_id=273"},"modified":"2021-08-20T10:17:05","modified_gmt":"2021-08-20T15:17:05","slug":"puertas-industriales","status":"publish","type":"page","link":"https:\/\/global-door.net\/?page_id=273","title":{"rendered":"Puertas y Cortinas en PVC, Aluminio y Acero Inoxidable"},"content":{"rendered":"\n<hr class=\"wp-block-separator\"\/>\n\n\n\n<div class=\"wp-block-media-text alignwide is-stacked-on-mobile\"><figure class=\"wp-block-media-text__media\"><img loading=\"lazy\" decoding=\"async\" width=\"942\" height=\"1024\" src=\"https:\/\/global-door.net\/wp-content\/uploads\/2021\/08\/rapida-2-942x1024.jpg\" alt=\"\" class=\"wp-image-727 size-full\" srcset=\"https:\/\/global-door.net\/wp-content\/uploads\/2021\/08\/rapida-2-942x1024.jpg 942w, https:\/\/global-door.net\/wp-content\/uploads\/2021\/08\/rapida-2-276x300.jpg 276w, https:\/\/global-door.net\/wp-content\/uploads\/2021\/08\/rapida-2-768x835.jpg 768w, https:\/\/global-door.net\/wp-content\/uploads\/2021\/08\/rapida-2.jpg 1300w\" sizes=\"auto, (max-width: 942px) 100vw, 942px\" \/><\/figure><div class=\"wp-block-media-text__content\">\n<p class=\"has-large-font-size\">Cortinas R\u00e1pidas Verticales en PVC<\/p>\n\n\n\n<p>Sus mecanismos autom\u00e1ticos para el enrollamiento, aseguran un perfecto performance. Elaboradas en lonas de PVC, son perfectas para el tr\u00e1nsito constante de personas y mercanc\u00edas. Pueden ubicarse tanto indoor como outdoor.<\/p>\n<\/div><\/div>\n\n\n\n<hr class=\"wp-block-separator\"\/>\n\n\n\n<div class=\"wp-block-media-text alignwide has-media-on-the-right is-stacked-on-mobile\"><figure class=\"wp-block-media-text__media\"><img loading=\"lazy\" decoding=\"async\" width=\"989\" height=\"1024\" src=\"https:\/\/global-door.net\/wp-content\/uploads\/2021\/08\/20070206150931-989x1024.jpg\" alt=\"\" class=\"wp-image-713 size-full\" srcset=\"https:\/\/global-door.net\/wp-content\/uploads\/2021\/08\/20070206150931-989x1024.jpg 989w, https:\/\/global-door.net\/wp-content\/uploads\/2021\/08\/20070206150931-290x300.jpg 290w, https:\/\/global-door.net\/wp-content\/uploads\/2021\/08\/20070206150931-768x795.jpg 768w, https:\/\/global-door.net\/wp-content\/uploads\/2021\/08\/20070206150931-1484x1536.jpg 1484w, https:\/\/global-door.net\/wp-content\/uploads\/2021\/08\/20070206150931.jpg 1535w\" sizes=\"auto, (max-width: 989px) 100vw, 989px\" \/><\/figure><div class=\"wp-block-media-text__content\">\n<p class=\"has-large-font-size\">Cortinas R\u00e1pidas en Flejes de Aluminio<\/p>\n\n\n\n<p>Sus mecanismos autom\u00e1ticos para el enrollamiento, garantizan velocidad de operaci\u00f3n para no afectar la productividad. Elaboradas en flejes de aluminio t\u00e9rmico. Dise\u00f1adas principalmente para exteriores.<\/p>\n<\/div><\/div>\n\n\n\n<hr class=\"wp-block-separator\"\/>\n\n\n\n<div class=\"wp-block-media-text alignwide is-stacked-on-mobile\"><figure class=\"wp-block-media-text__media\"><img loading=\"lazy\" decoding=\"async\" width=\"1024\" height=\"682\" src=\"https:\/\/global-door.net\/wp-content\/uploads\/2021\/08\/banner-1024x682.jpg\" alt=\"\" class=\"wp-image-718 size-full\" srcset=\"https:\/\/global-door.net\/wp-content\/uploads\/2021\/08\/banner-1024x682.jpg 1024w, https:\/\/global-door.net\/wp-content\/uploads\/2021\/08\/banner-300x200.jpg 300w, https:\/\/global-door.net\/wp-content\/uploads\/2021\/08\/banner-768x512.jpg 768w, https:\/\/global-door.net\/wp-content\/uploads\/2021\/08\/banner-1536x1023.jpg 1536w, https:\/\/global-door.net\/wp-content\/uploads\/2021\/08\/banner.jpg 1698w\" sizes=\"auto, (max-width: 1024px) 100vw, 1024px\" \/><\/figure><div class=\"wp-block-media-text__content\">\n<p class=\"has-large-font-size\">Cortinas en Acero Inoxidable<\/p>\n\n\n\n<p>Una soluci\u00f3n de f\u00e1cil operaci\u00f3n, sin dejar de lado la seguridad, que pueden usarse ambientes internos o externos. Elaboradas con flejes de acero inoxidable, es una alterntiva que optimiza el espacio.<\/p>\n<\/div><\/div>\n\n\n\n<hr class=\"wp-block-separator\"\/>\n\n\n\n<div class=\"wp-block-media-text alignwide has-media-on-the-right is-stacked-on-mobile\"><figure class=\"wp-block-media-text__media\"><img loading=\"lazy\" decoding=\"async\" width=\"768\" height=\"1024\" src=\"https:\/\/global-door.net\/wp-content\/uploads\/2021\/08\/paraa-portada-3-768x1024.jpg\" alt=\"\" class=\"wp-image-720 size-full\" srcset=\"https:\/\/global-door.net\/wp-content\/uploads\/2021\/08\/paraa-portada-3-768x1024.jpg 768w, https:\/\/global-door.net\/wp-content\/uploads\/2021\/08\/paraa-portada-3-225x300.jpg 225w, https:\/\/global-door.net\/wp-content\/uploads\/2021\/08\/paraa-portada-3-1152x1536.jpg 1152w, https:\/\/global-door.net\/wp-content\/uploads\/2021\/08\/paraa-portada-3-1536x2048.jpg 1536w, https:\/\/global-door.net\/wp-content\/uploads\/2021\/08\/paraa-portada-3-scaled.jpg 1920w\" sizes=\"auto, (max-width: 768px) 100vw, 768px\" \/><\/figure><div class=\"wp-block-media-text__content\">\n<p class=\"has-large-font-size\">Puertas Deslizantes en Acero Inoxidable<\/p>\n\n\n\n<p>Puertas multiprop\u00f3sitos que permite dividir f\u00e1cilmente \u00e1reas amplias. Se pueden complementar con dispositivos de acceso y\/o evacuaci\u00f3n del personal.<\/p>\n<\/div><\/div>\n\n\n\n<hr class=\"wp-block-separator\"\/>\n\n\n\n<div class=\"wp-block-media-text alignwide is-stacked-on-mobile\"><figure class=\"wp-block-media-text__media\"><img loading=\"lazy\" decoding=\"async\" width=\"771\" height=\"728\" src=\"https:\/\/global-door.net\/wp-content\/uploads\/2021\/08\/enrollable-cortafuego.jpg\" alt=\"\" class=\"wp-image-721 size-full\" srcset=\"https:\/\/global-door.net\/wp-content\/uploads\/2021\/08\/enrollable-cortafuego.jpg 771w, https:\/\/global-door.net\/wp-content\/uploads\/2021\/08\/enrollable-cortafuego-300x283.jpg 300w, https:\/\/global-door.net\/wp-content\/uploads\/2021\/08\/enrollable-cortafuego-768x725.jpg 768w\" sizes=\"auto, (max-width: 771px) 100vw, 771px\" \/><\/figure><div class=\"wp-block-media-text__content\">\n<p class=\"has-large-font-size\">Cortinas Cortafuego Certificadas<\/p>\n\n\n\n<p>Bien sean autom\u00e1ticas o manuales, esta soluci\u00f3n elaborada en flejes en acero galvanizado con resistencia al fuego hasta tres horas, lo contienen  y lo aislan para preservar el resto de las \u00e1reas.<\/p>\n<\/div><\/div>\n\n\n\n<hr class=\"wp-block-separator\"\/>\n\n\n\n<div class=\"wp-block-media-text alignwide has-media-on-the-right is-stacked-on-mobile\"><figure class=\"wp-block-media-text__media\"><img loading=\"lazy\" decoding=\"async\" width=\"1024\" height=\"1005\" src=\"https:\/\/global-door.net\/wp-content\/uploads\/2021\/08\/PCFB_5-1024x1005.jpg\" alt=\"\" class=\"wp-image-724 size-full\" srcset=\"https:\/\/global-door.net\/wp-content\/uploads\/2021\/08\/PCFB_5-1024x1005.jpg 1024w, https:\/\/global-door.net\/wp-content\/uploads\/2021\/08\/PCFB_5-300x294.jpg 300w, https:\/\/global-door.net\/wp-content\/uploads\/2021\/08\/PCFB_5-768x753.jpg 768w, https:\/\/global-door.net\/wp-content\/uploads\/2021\/08\/PCFB_5.jpg 1480w\" sizes=\"auto, (max-width: 1024px) 100vw, 1024px\" \/><\/figure><div class=\"wp-block-media-text__content\">\n<p class=\"has-large-font-size\">Puertas Cortafuego Certificadas<\/p>\n\n\n\n<p>Un gran aliado para preservar tanto al personal como las instalaciones, al facilitar una evacuaci\u00f3n segura. Elaboradas en acero galvanizado con resistencia al fuego hasta tres horas, requieren un mantenimiento m\u00ednimo.<\/p>\n<\/div><\/div>\n\n\n\n<hr class=\"wp-block-separator\"\/>\n","protected":false},"excerpt":{"rendered":"<p>Cortinas R\u00e1pidas Verticales en PVC Sus mecanismos autom\u00e1ticos para el enrollamiento, aseguran un perfecto performance. Elaboradas en lonas de PVC, son perfectas para el tr\u00e1nsito constante de personas y mercanc\u00edas. Pueden ubicarse tanto indoor como outdoor. Cortinas R\u00e1pidas en Flejes de Aluminio Sus mecanismos autom\u00e1ticos para el enrollamiento, garantizan velocidad de operaci\u00f3n para no afectar<\/p><\/div>\n<div class=\"blog-btn\"><a href=\"https:\/\/global-door.net\/?page_id=273\" class=\"home-blog-btn\">Leer m\u00e1s<\/a><\/p>\n","protected":false},"author":1,"featured_media":0,"parent":0,"menu_order":0,"comment_status":"closed","ping_status":"closed","template":"","meta":{"footnotes":""},"class_list":["post-273","page","type-page","status-publish","hentry"],"_links":{"self":[{"href":"https:\/\/global-door.net\/index.php?rest_route=\/wp\/v2\/pages\/273","targetHints":{"allow":["GET"]}}],"collection":[{"href":"https:\/\/global-door.net\/index.php?rest_route=\/wp\/v2\/pages"}],"about":[{"href":"https:\/\/global-door.net\/index.php?rest_route=\/wp\/v2\/types\/page"}],"author":[{"embeddable":true,"href":"https:\/\/global-door.net\/index.php?rest_route=\/wp\/v2\/users\/1"}],"replies":[{"embeddable":true,"href":"https:\/\/global-door.net\/index.php?rest_route=%2Fwp%2Fv2%2Fcomments&post=273"}],"version-history":[{"count":16,"href":"https:\/\/global-door.net\/index.php?rest_route=\/wp\/v2\/pages\/273\/revisions"}],"predecessor-version":[{"id":901,"href":"https:\/\/global-door.net\/index.php?rest_route=\/wp\/v2\/pages\/273\/revisions\/901"}],"wp:attachment":[{"href":"https:\/\/global-door.net\/index.php?rest_route=%2Fwp%2Fv2%2Fmedia&parent=273"}],"curies":[{"name":"wp","href":"https:\/\/api.w.org\/{rel}","templated":true}]}}